{"id":9471,"date":"2024-11-27T12:31:13","date_gmt":"2024-11-27T12:31:13","guid":{"rendered":"https:\/\/northwesternhair.com\/?page_id=9471"},"modified":"2024-12-12T06:25:09","modified_gmt":"2024-12-12T06:25:09","slug":"unser-team","status":"publish","type":"page","link":"https:\/\/northwesternhair.com\/de\/our-team\/","title":{"rendered":"Rang als die besten Haartransplantations\u00e4rzte in Chicago"},"content":{"rendered":"<div data-elementor-type=\"wp-page\" data-elementor-id=\"9471\" class=\"elementor elementor-9471\" data-elementor-post-type=\"page\">\n\t\t\t\t<div class=\"elementor-element elementor-element-f55021c elementor-hidden-desktop elementor-hidden-tablet e-flex e-con-boxed e-con e-parent\" data-id=\"f55021c\" data-element_type=\"container\" data-e-type=\"container\">\n\t\t\t\t\t<div class=\"e-con-inner\">\n\t\t\t\t<div class=\"elementor-element elementor-element-fd101a2 elementor-widget elementor-widget-image\" data-id=\"fd101a2\" data-element_type=\"widget\" data-e-type=\"widget\" data-widget_type=\"image.default\">\n\t\t\t\t<div class=\"elementor-widget-container\">\n\t\t\t\t\t\t\t\t\t\t\t\t\t\t\t<img fetchpriority=\"high\" decoding=\"async\" width=\"800\" height=\"662\" src=\"https:\/\/northwesternhair.com\/wp-content\/uploads\/2024\/11\/top-fue-hair-restoration-clinic-in-chicago-il-1-1024x847.jpg\" class=\"attachment-large size-large wp-image-9139\" alt=\"\" srcset=\"https:\/\/northwesternhair.com\/wp-content\/uploads\/2024\/11\/top-fue-hair-restoration-clinic-in-chicago-il-1-1024x847.jpg 1024w, https:\/\/northwesternhair.com\/wp-content\/uploads\/2024\/11\/top-fue-hair-restoration-clinic-in-chicago-il-1-300x248.jpg 300w, https:\/\/northwesternhair.com\/wp-content\/uploads\/2024\/11\/top-fue-hair-restoration-clinic-in-chicago-il-1-768x636.jpg 768w, https:\/\/northwesternhair.com\/wp-content\/uploads\/2024\/11\/top-fue-hair-restoration-clinic-in-chicago-il-1.jpg 1148w\" sizes=\"(max-width: 800px) 100vw, 800px\" \/>\t\t\t\t\t\t\t\t\t\t\t\t\t\t\t<\/div>\n\t\t\t\t<\/div>\n\t\t\t\t\t<\/div>\n\t\t\t\t<\/div>\n\t\t<div class=\"elementor-element elementor-element-093e75a e-flex e-con-boxed e-con e-parent\" data-id=\"093e75a\" data-element_type=\"container\" data-e-type=\"container\" data-settings=\"{&quot;background_background&quot;:&quot;classic&quot;}\">\n\t\t\t\t\t<div class=\"e-con-inner\">\n\t\t<div class=\"elementor-element elementor-element-116b846 e-grid e-con-full e-con e-child\" data-id=\"116b846\" data-element_type=\"container\" data-e-type=\"container\" data-settings=\"{&quot;background_background&quot;:&quot;slideshow&quot;,&quot;background_slideshow_gallery&quot;:[],&quot;background_slideshow_loop&quot;:&quot;yes&quot;,&quot;background_slideshow_slide_duration&quot;:5000,&quot;background_slideshow_slide_transition&quot;:&quot;fade&quot;,&quot;background_slideshow_transition_duration&quot;:500}\">\n\t\t<div class=\"elementor-element elementor-element-4211843 e-con-full banner-btn e-flex e-con e-child\" data-id=\"4211843\" data-element_type=\"container\" data-e-type=\"container\">\n\t\t\t\t<div class=\"elementor-element elementor-element-02dfb8a elementor-widget__width-inherit elementor-widget elementor-widget-heading\" data-id=\"02dfb8a\" data-element_type=\"widget\" data-e-type=\"widget\" data-widget_type=\"heading.default\">\n\t\t\t\t<div class=\"elementor-widget-container\">\n\t\t\t\t\t<h1 class=\"elementor-heading-title elementor-size-default\">Wenn medizinische Expertise z\u00e4hlt.<\/h1>\t\t\t\t<\/div>\n\t\t\t\t<\/div>\n\t\t\t\t<\/div>\n\t\t\t\t<\/div>\n\t\t\t\t\t<\/div>\n\t\t\t\t<\/div>\n\t\t<div class=\"elementor-element elementor-element-2373a82 e-flex e-con-boxed e-con e-parent\" data-id=\"2373a82\" data-element_type=\"container\" data-e-type=\"container\">\n\t\t\t\t\t<div class=\"e-con-inner\">\n\t\t<div class=\"elementor-element elementor-element-916e7c7 e-grid e-con-full e-con e-child\" data-id=\"916e7c7\" data-element_type=\"container\" data-e-type=\"container\">\n\t\t<div class=\"elementor-element elementor-element-670f1af e-con-full e-flex e-con e-child\" data-id=\"670f1af\" data-element_type=\"container\" data-e-type=\"container\">\n\t\t\t\t<div class=\"elementor-element elementor-element-52d5fd4 elementor-widget elementor-widget-spacer\" data-id=\"52d5fd4\" data-element_type=\"widget\" data-e-type=\"widget\" data-widget_type=\"spacer.default\">\n\t\t\t\t<div class=\"elementor-widget-container\">\n\t\t\t\t\t\t\t<div class=\"elementor-spacer\">\n\t\t\t<div class=\"elementor-spacer-inner\"><\/div>\n\t\t<\/div>\n\t\t\t\t\t\t<\/div>\n\t\t\t\t<\/div>\n\t\t\t\t<div class=\"elementor-element elementor-element-aa53a93 sub-text elementor-widget elementor-widget-heading\" data-id=\"aa53a93\" data-element_type=\"widget\" data-e-type=\"widget\" data-widget_type=\"heading.default\">\n\t\t\t\t<div class=\"elementor-widget-container\">\n\t\t\t\t\t<h3 class=\"elementor-heading-title elementor-size-default\">Vinay Rawlani, MD<\/h3>\t\t\t\t<\/div>\n\t\t\t\t<\/div>\n\t\t\t\t<div class=\"elementor-element elementor-element-d180ee5 elementor-widget elementor-widget-text-editor\" data-id=\"d180ee5\" data-element_type=\"widget\" data-e-type=\"widget\" data-widget_type=\"text-editor.default\">\n\t\t\t\t<div class=\"elementor-widget-container\">\n\t\t\t\t\t\t\t\t\t<div class=\"et_pb_module et_pb_text et_pb_text_2 et_pb_text_align_right et_pb_text_align_left-phone et_pb_bg_layout_light\"><div class=\"et_pb_text_inner\"><p>Als Arzt, Erfinder und Unternehmer war Dr. Rawlani Louis E. Fazen Endowed Scholar an der Northwestern Medical School. Er ist ein gro\u00dfer Verfechter nat\u00fcrlicher und diskreter Haartransplantationstechniken und tr\u00e4gt dazu bei, nahtlose Patientenerlebnisse zu erm\u00f6glichen.<\/p><\/div><\/div>\t\t\t\t\t\t\t\t<\/div>\n\t\t\t\t<\/div>\n\t\t\t\t<div class=\"elementor-element elementor-element-90e7b6f elementor-widget elementor-widget-text-editor\" data-id=\"90e7b6f\" data-element_type=\"widget\" data-e-type=\"widget\" data-widget_type=\"text-editor.default\">\n\t\t\t\t<div class=\"elementor-widget-container\">\n\t\t\t\t\t\t\t\t\t<a href=\"\/de\/kontaktieren-sie-uns\/\">Einen Beratungstermin vereinbaren<\/a>\t\t\t\t\t\t\t\t<\/div>\n\t\t\t\t<\/div>\n\t\t\t\t<\/div>\n\t\t<div class=\"elementor-element elementor-element-771bc2a e-con-full e-flex e-con e-child\" data-id=\"771bc2a\" data-element_type=\"container\" data-e-type=\"container\">\n\t\t\t\t<div class=\"elementor-element elementor-element-4b67c11 elementor-widget elementor-widget-image\" data-id=\"4b67c11\" data-element_type=\"widget\" data-e-type=\"widget\" data-widget_type=\"image.default\">\n\t\t\t\t<div class=\"elementor-widget-container\">\n\t\t\t\t\t\t\t\t\t\t\t\t\t\t\t<img decoding=\"async\" width=\"800\" height=\"600\" src=\"https:\/\/northwesternhair.com\/wp-content\/uploads\/2024\/11\/best-fue-doctor-in-chicago-Dr.-Vinay-Rawlani-performs-hair-restoration-procedure-1024x768.jpg\" class=\"attachment-large size-large wp-image-9085\" alt=\"Beste Fue-Entscheidung\" srcset=\"https:\/\/northwesternhair.com\/wp-content\/uploads\/2024\/11\/best-fue-doctor-in-chicago-Dr.-Vinay-Rawlani-performs-hair-restoration-procedure-1024x768.jpg 1024w, https:\/\/northwesternhair.com\/wp-content\/uploads\/2024\/11\/best-fue-doctor-in-chicago-Dr.-Vinay-Rawlani-performs-hair-restoration-procedure-300x225.jpg 300w, https:\/\/northwesternhair.com\/wp-content\/uploads\/2024\/11\/best-fue-doctor-in-chicago-Dr.-Vinay-Rawlani-performs-hair-restoration-procedure-768x576.jpg 768w, https:\/\/northwesternhair.com\/wp-content\/uploads\/2024\/11\/best-fue-doctor-in-chicago-Dr.-Vinay-Rawlani-performs-hair-restoration-procedure.jpg 1080w\" sizes=\"(max-width: 800px) 100vw, 800px\" \/>\t\t\t\t\t\t\t\t\t\t\t\t\t\t\t<\/div>\n\t\t\t\t<\/div>\n\t\t\t\t<\/div>\n\t\t\t\t<\/div>\n\t\t\t\t\t<\/div>\n\t\t\t\t<\/div>\n\t\t<div class=\"elementor-element elementor-element-8055d88 e-flex e-con-boxed e-con e-parent\" data-id=\"8055d88\" data-element_type=\"container\" data-e-type=\"container\">\n\t\t\t\t\t<div class=\"e-con-inner\">\n\t\t\t\t<div class=\"elementor-element elementor-element-880f008 elementor-widget-divider--view-line elementor-widget elementor-widget-divider\" data-id=\"880f008\" data-element_type=\"widget\" data-e-type=\"widget\" data-widget_type=\"divider.default\">\n\t\t\t\t<div class=\"elementor-widget-container\">\n\t\t\t\t\t\t\t<div class=\"elementor-divider\">\n\t\t\t<span class=\"elementor-divider-separator\">\n\t\t\t\t\t\t<\/span>\n\t\t<\/div>\n\t\t\t\t\t\t<\/div>\n\t\t\t\t<\/div>\n\t\t<div class=\"elementor-element elementor-element-1ac7282 e-grid e-con-full e-con e-child\" data-id=\"1ac7282\" data-element_type=\"container\" data-e-type=\"container\">\n\t\t<div class=\"elementor-element elementor-element-c41128e e-con-full e-flex e-con e-child\" data-id=\"c41128e\" data-element_type=\"container\" data-e-type=\"container\">\n\t\t\t\t<div class=\"elementor-element elementor-element-75270f8 elementor-widget elementor-widget-image\" data-id=\"75270f8\" data-element_type=\"widget\" data-e-type=\"widget\" data-widget_type=\"image.default\">\n\t\t\t\t<div class=\"elementor-widget-container\">\n\t\t\t\t\t\t\t\t\t\t\t\t\t\t\t<img decoding=\"async\" width=\"800\" height=\"600\" src=\"https:\/\/northwesternhair.com\/wp-content\/uploads\/2024\/11\/top-hair-restorer-in-chicago-il-1024x768.jpg\" class=\"attachment-large size-large wp-image-9086\" alt=\"Haartransplantation\" srcset=\"https:\/\/northwesternhair.com\/wp-content\/uploads\/2024\/11\/top-hair-restorer-in-chicago-il-1024x768.jpg 1024w, https:\/\/northwesternhair.com\/wp-content\/uploads\/2024\/11\/top-hair-restorer-in-chicago-il-300x225.jpg 300w, https:\/\/northwesternhair.com\/wp-content\/uploads\/2024\/11\/top-hair-restorer-in-chicago-il-768x576.jpg 768w, https:\/\/northwesternhair.com\/wp-content\/uploads\/2024\/11\/top-hair-restorer-in-chicago-il.jpg 1080w\" sizes=\"(max-width: 800px) 100vw, 800px\" \/>\t\t\t\t\t\t\t\t\t\t\t\t\t\t\t<\/div>\n\t\t\t\t<\/div>\n\t\t\t\t<\/div>\n\t\t<div class=\"elementor-element elementor-element-2c9caf6 e-con-full e-flex e-con e-child\" data-id=\"2c9caf6\" data-element_type=\"container\" data-e-type=\"container\">\n\t\t\t\t<div class=\"elementor-element elementor-element-ad90733 elementor-widget elementor-widget-spacer\" data-id=\"ad90733\" data-element_type=\"widget\" data-e-type=\"widget\" data-widget_type=\"spacer.default\">\n\t\t\t\t<div class=\"elementor-widget-container\">\n\t\t\t\t\t\t\t<div class=\"elementor-spacer\">\n\t\t\t<div class=\"elementor-spacer-inner\"><\/div>\n\t\t<\/div>\n\t\t\t\t\t\t<\/div>\n\t\t\t\t<\/div>\n\t\t\t\t<div class=\"elementor-element elementor-element-f3ce92e sub-text elementor-widget elementor-widget-heading\" data-id=\"f3ce92e\" data-element_type=\"widget\" data-e-type=\"widget\" data-widget_type=\"heading.default\">\n\t\t\t\t<div class=\"elementor-widget-container\">\n\t\t\t\t\t<h3 class=\"elementor-heading-title elementor-size-default\">Clark Schierle, MD PhD<\/h3>\t\t\t\t<\/div>\n\t\t\t\t<\/div>\n\t\t\t\t<div class=\"elementor-element elementor-element-87360db elementor-widget elementor-widget-text-editor\" data-id=\"87360db\" data-element_type=\"widget\" data-e-type=\"widget\" data-widget_type=\"text-editor.default\">\n\t\t\t\t<div class=\"elementor-widget-container\">\n\t\t\t\t\t\t\t\t\t<p>Dr. Schierle, der sein MD\/PhD bereits mit 16 Jahren in Harvard begann, z\u00e4hlt zu den besten K\u00f6pfen der Medizin. Seine einzigartige F\u00e4higkeit, wissenschaftliche Forschung in Behandlungen zu \u00fcbersetzen, h\u00e4lt uns an der Spitze der Follikeltransplantation und Haarwiederherstellung.<\/p>\t\t\t\t\t\t\t\t<\/div>\n\t\t\t\t<\/div>\n\t\t\t\t<div class=\"elementor-element elementor-element-c3daeb6 elementor-widget elementor-widget-text-editor\" data-id=\"c3daeb6\" data-element_type=\"widget\" data-e-type=\"widget\" data-widget_type=\"text-editor.default\">\n\t\t\t\t<div class=\"elementor-widget-container\">\n\t\t\t\t\t\t\t\t\t<a href=\"\/de\/kontaktieren-sie-uns\/\">Einen Beratungstermin vereinbaren<\/a>\t\t\t\t\t\t\t\t<\/div>\n\t\t\t\t<\/div>\n\t\t\t\t<\/div>\n\t\t\t\t<\/div>\n\t\t\t\t\t<\/div>\n\t\t\t\t<\/div>\n\t\t<div class=\"elementor-element elementor-element-7220e6e e-flex e-con-boxed e-con e-parent\" data-id=\"7220e6e\" data-element_type=\"container\" data-e-type=\"container\">\n\t\t\t\t\t<div class=\"e-con-inner\">\n\t\t\t\t<div class=\"elementor-element elementor-element-8fd53e6 elementor-widget-divider--view-line elementor-widget elementor-widget-divider\" data-id=\"8fd53e6\" data-element_type=\"widget\" data-e-type=\"widget\" data-widget_type=\"divider.default\">\n\t\t\t\t<div class=\"elementor-widget-container\">\n\t\t\t\t\t\t\t<div class=\"elementor-divider\">\n\t\t\t<span class=\"elementor-divider-separator\">\n\t\t\t\t\t\t<\/span>\n\t\t<\/div>\n\t\t\t\t\t\t<\/div>\n\t\t\t\t<\/div>\n\t\t<div class=\"elementor-element elementor-element-cadb365 e-grid e-con-full e-con e-child\" data-id=\"cadb365\" data-element_type=\"container\" data-e-type=\"container\">\n\t\t<div class=\"elementor-element elementor-element-cde85ae e-con-full e-flex e-con e-child\" data-id=\"cde85ae\" data-element_type=\"container\" data-e-type=\"container\">\n\t\t\t\t<div class=\"elementor-element elementor-element-b2ac836 elementor-widget elementor-widget-spacer\" data-id=\"b2ac836\" data-element_type=\"widget\" data-e-type=\"widget\" data-widget_type=\"spacer.default\">\n\t\t\t\t<div class=\"elementor-widget-container\">\n\t\t\t\t\t\t\t<div class=\"elementor-spacer\">\n\t\t\t<div class=\"elementor-spacer-inner\"><\/div>\n\t\t<\/div>\n\t\t\t\t\t\t<\/div>\n\t\t\t\t<\/div>\n\t\t\t\t<div class=\"elementor-element elementor-element-80898ff sub-text elementor-widget elementor-widget-heading\" data-id=\"80898ff\" data-element_type=\"widget\" data-e-type=\"widget\" data-widget_type=\"heading.default\">\n\t\t\t\t<div class=\"elementor-widget-container\">\n\t\t\t\t\t<h3 class=\"elementor-heading-title elementor-size-default\">Carmen Ramirez DSc<\/h3>\t\t\t\t<\/div>\n\t\t\t\t<\/div>\n\t\t\t\t<div class=\"elementor-element elementor-element-1b54885 elementor-widget elementor-widget-text-editor\" data-id=\"1b54885\" data-element_type=\"widget\" data-e-type=\"widget\" data-widget_type=\"text-editor.default\">\n\t\t\t\t<div class=\"elementor-widget-container\">\n\t\t\t\t\t\t\t\t\t<div class=\"et_pb_module et_pb_text et_pb_text_2 et_pb_text_align_right et_pb_text_align_left-phone et_pb_bg_layout_light\"><div class=\"et_pb_text_inner\"><p>Mit \u00fcber 20 Jahren Erfahrung in Haartransplantationen ist Carmen eine der gefragtesten Trichologen des Landes. Sie ist nationale Trainerin f\u00fcr medizinisches Fachpersonal und eine der wenigen Technikerinnen, die einen Doktortitel mit Spezialisierung auf Haare erworben haben.<\/p><\/div><\/div>\t\t\t\t\t\t\t\t<\/div>\n\t\t\t\t<\/div>\n\t\t\t\t<div class=\"elementor-element elementor-element-9f10be0 elementor-widget elementor-widget-text-editor\" data-id=\"9f10be0\" data-element_type=\"widget\" data-e-type=\"widget\" data-widget_type=\"text-editor.default\">\n\t\t\t\t<div class=\"elementor-widget-container\">\n\t\t\t\t\t\t\t\t\t<a href=\"\/de\/kontaktieren-sie-uns\/\">Einen Beratungstermin vereinbaren<\/a>\t\t\t\t\t\t\t\t<\/div>\n\t\t\t\t<\/div>\n\t\t\t\t<\/div>\n\t\t<div class=\"elementor-element elementor-element-477a9d8 e-con-full e-flex e-con e-child\" data-id=\"477a9d8\" data-element_type=\"container\" data-e-type=\"container\">\n\t\t\t\t<div class=\"elementor-element elementor-element-7c5fab4 elementor-widget elementor-widget-image\" data-id=\"7c5fab4\" data-element_type=\"widget\" data-e-type=\"widget\" data-widget_type=\"image.default\">\n\t\t\t\t<div class=\"elementor-widget-container\">\n\t\t\t\t\t\t\t\t\t\t\t\t\t\t\t<img loading=\"lazy\" decoding=\"async\" width=\"800\" height=\"600\" src=\"https:\/\/northwesternhair.com\/wp-content\/uploads\/2024\/11\/carmen-examing-alicia-header-tablet-1024x768.jpg\" class=\"attachment-large size-large wp-image-9497\" alt=\"Carmen untersucht Alicia\" srcset=\"https:\/\/northwesternhair.com\/wp-content\/uploads\/2024\/11\/carmen-examing-alicia-header-tablet-1024x768.jpg 1024w, https:\/\/northwesternhair.com\/wp-content\/uploads\/2024\/11\/carmen-examing-alicia-header-tablet-300x225.jpg 300w, https:\/\/northwesternhair.com\/wp-content\/uploads\/2024\/11\/carmen-examing-alicia-header-tablet-768x576.jpg 768w, https:\/\/northwesternhair.com\/wp-content\/uploads\/2024\/11\/carmen-examing-alicia-header-tablet.jpg 1080w\" sizes=\"(max-width: 800px) 100vw, 800px\" \/>\t\t\t\t\t\t\t\t\t\t\t\t\t\t\t<\/div>\n\t\t\t\t<\/div>\n\t\t\t\t<\/div>\n\t\t\t\t<\/div>\n\t\t\t\t\t<\/div>\n\t\t\t\t<\/div>\n\t\t<div class=\"elementor-element elementor-element-4e7e041 e-flex e-con-boxed e-con e-parent\" data-id=\"4e7e041\" data-element_type=\"container\" data-e-type=\"container\">\n\t\t\t\t\t<div class=\"e-con-inner\">\n\t\t<div class=\"elementor-element elementor-element-e47ab95 e-flex e-con-boxed e-con e-child\" data-id=\"e47ab95\" data-element_type=\"container\" data-e-type=\"container\">\n\t\t\t\t\t<div class=\"e-con-inner\">\n\t\t<div class=\"elementor-element elementor-element-c14708d e-grid e-con-full e-con e-child\" data-id=\"c14708d\" data-element_type=\"container\" data-e-type=\"container\" data-settings=\"{&quot;background_background&quot;:&quot;classic&quot;}\">\n\t\t\t\t<div class=\"elementor-element elementor-element-5ccfaef elementor-widget elementor-widget-image\" data-id=\"5ccfaef\" data-element_type=\"widget\" data-e-type=\"widget\" data-widget_type=\"image.default\">\n\t\t\t\t<div class=\"elementor-widget-container\">\n\t\t\t\t\t\t\t\t\t\t\t\t\t\t\t<img loading=\"lazy\" decoding=\"async\" width=\"800\" height=\"827\" src=\"https:\/\/northwesternhair.com\/wp-content\/uploads\/2024\/11\/phone-virtual-consult-with-QR-code-v2-1-990x1024.jpg\" class=\"attachment-large size-large wp-image-8797\" alt=\"\" srcset=\"https:\/\/northwesternhair.com\/wp-content\/uploads\/2024\/11\/phone-virtual-consult-with-QR-code-v2-1-990x1024.jpg 990w, https:\/\/northwesternhair.com\/wp-content\/uploads\/2024\/11\/phone-virtual-consult-with-QR-code-v2-1-290x300.jpg 290w, https:\/\/northwesternhair.com\/wp-content\/uploads\/2024\/11\/phone-virtual-consult-with-QR-code-v2-1-768x794.jpg 768w, https:\/\/northwesternhair.com\/wp-content\/uploads\/2024\/11\/phone-virtual-consult-with-QR-code-v2-1.jpg 1080w\" sizes=\"(max-width: 800px) 100vw, 800px\" \/>\t\t\t\t\t\t\t\t\t\t\t\t\t\t\t<\/div>\n\t\t\t\t<\/div>\n\t\t<div class=\"elementor-element elementor-element-70288dd e-con-full e-flex e-con e-child\" data-id=\"70288dd\" data-element_type=\"container\" data-e-type=\"container\">\n\t\t\t\t<div class=\"elementor-element elementor-element-cf921dc elementor-widget elementor-widget-heading\" data-id=\"cf921dc\" data-element_type=\"widget\" data-e-type=\"widget\" data-widget_type=\"heading.default\">\n\t\t\t\t<div class=\"elementor-widget-container\">\n\t\t\t\t\t<h3 class=\"elementor-heading-title elementor-size-default\">Kostenlose Erstberatung und ein Kennenlerngespr\u00e4ch mit den besten Spezialisten f\u00fcr Haarersatz. Sofort.<\/h3>\t\t\t\t<\/div>\n\t\t\t\t<\/div>\n\t\t\t\t<div class=\"elementor-element elementor-element-29217d2 elementor-widget elementor-widget-text-editor\" data-id=\"29217d2\" data-element_type=\"widget\" data-e-type=\"widget\" data-widget_type=\"text-editor.default\">\n\t\t\t\t<div class=\"elementor-widget-container\">\n\t\t\t\t\t\t\t\t\t<p>Fragen Sie sich, was wir f\u00fcr Sie tun k\u00f6nnen? Scannen Sie den QR-Code und senden Sie uns Ihre Bilder. Vereinbaren Sie dann einen Termin, um mit unseren \u00c4rzten zu sprechen, oder bitten Sie sie, Sie anzurufen, sobald sie frei sind.<\/p>\t\t\t\t\t\t\t\t<\/div>\n\t\t\t\t<\/div>\n\t\t\t\t<div class=\"elementor-element elementor-element-c418884 elementor-widget elementor-widget-heading\" data-id=\"c418884\" data-element_type=\"widget\" data-e-type=\"widget\" data-widget_type=\"heading.default\">\n\t\t\t\t<div class=\"elementor-widget-container\">\n\t\t\t\t\t<div class=\"elementor-heading-title elementor-size-default\"><a href=\"\/de\/sofort\/\">LOS GEHT'S<\/a><\/div>\t\t\t\t<\/div>\n\t\t\t\t<\/div>\n\t\t\t\t<\/div>\n\t\t\t\t<\/div>\n\t\t\t\t\t<\/div>\n\t\t\t\t<\/div>\n\t\t\t\t\t<\/div>\n\t\t\t\t<\/div>\n\t\t\t\t<\/div>","protected":false},"excerpt":{"rendered":"<p>When medical expertise matters. Vinay Rawlani, MD As a physician-inventor-entrepreneur, Dr. Rawlani was Northwestern Medical School\u2019s Louis E Fazen Endowed Scholar. He is a huge proponent of natural and discrete hair replacement techniques and helps facilitate seamless patient experiences. Schedule a consult Clark Schierle, MD PhD Having started his MD\/PhD at Harvard at age 16, [&hellip;]<\/p>\n","protected":false},"author":3,"featured_media":0,"parent":0,"menu_order":0,"comment_status":"closed","ping_status":"closed","template":"","meta":{"_acf_changed":false,"footnotes":""},"class_list":["post-9471","page","type-page","status-publish","hentry","has-read-time","read-time-1"],"acf":[],"_links":{"self":[{"href":"https:\/\/northwesternhair.com\/de\/wp-json\/wp\/v2\/pages\/9471","targetHints":{"allow":["GET"]}}],"collection":[{"href":"https:\/\/northwesternhair.com\/de\/wp-json\/wp\/v2\/pages"}],"about":[{"href":"https:\/\/northwesternhair.com\/de\/wp-json\/wp\/v2\/types\/page"}],"author":[{"embeddable":true,"href":"https:\/\/northwesternhair.com\/de\/wp-json\/wp\/v2\/users\/3"}],"replies":[{"embeddable":true,"href":"https:\/\/northwesternhair.com\/de\/wp-json\/wp\/v2\/comments?post=9471"}],"version-history":[{"count":5,"href":"https:\/\/northwesternhair.com\/de\/wp-json\/wp\/v2\/pages\/9471\/revisions"}],"predecessor-version":[{"id":11827,"href":"https:\/\/northwesternhair.com\/de\/wp-json\/wp\/v2\/pages\/9471\/revisions\/11827"}],"wp:attachment":[{"href":"https:\/\/northwesternhair.com\/de\/wp-json\/wp\/v2\/media?parent=9471"}],"curies":[{"name":"wp","href":"https:\/\/api.w.org\/{rel}","templated":true}]}}