{"id":8633,"date":"2024-11-26T07:26:20","date_gmt":"2024-11-26T07:26:20","guid":{"rendered":"https:\/\/northwesternhair.com\/?page_id=8633"},"modified":"2026-03-24T15:59:28","modified_gmt":"2026-03-24T20:59:28","slug":"videos-de-suivi","status":"publish","type":"page","link":"https:\/\/northwesternhair.com\/fr\/aftercare-videos\/","title":{"rendered":"Vid\u00e9os de suivi"},"content":{"rendered":"<div data-elementor-type=\"wp-page\" data-elementor-id=\"8633\" class=\"elementor elementor-8633\" data-elementor-post-type=\"page\">\n\t\t\t\t<div class=\"elementor-element elementor-element-c479fa8 e-flex e-con-boxed e-con e-parent\" data-id=\"c479fa8\" data-element_type=\"container\" data-e-type=\"container\" data-settings=\"{&quot;background_background&quot;:&quot;classic&quot;}\">\n\t\t\t\t\t<div class=\"e-con-inner\">\n\t\t\t\t<div class=\"elementor-element elementor-element-032a713 elementor-widget elementor-widget-spacer\" data-id=\"032a713\" data-element_type=\"widget\" data-e-type=\"widget\" data-widget_type=\"spacer.default\">\n\t\t\t\t<div class=\"elementor-widget-container\">\n\t\t\t\t\t\t\t<div class=\"elementor-spacer\">\n\t\t\t<div class=\"elementor-spacer-inner\"><\/div>\n\t\t<\/div>\n\t\t\t\t\t\t<\/div>\n\t\t\t\t<\/div>\n\t\t\t\t<div class=\"elementor-element elementor-element-eaa2965 elementor-widget elementor-widget-video\" data-id=\"eaa2965\" data-element_type=\"widget\" data-e-type=\"widget\" data-settings=\"{&quot;youtube_url&quot;:&quot;https:\\\/\\\/youtu.be\\\/nuHojZCl58U&quot;,&quot;video_type&quot;:&quot;youtube&quot;,&quot;controls&quot;:&quot;yes&quot;}\" data-widget_type=\"video.default\">\n\t\t\t\t<div class=\"elementor-widget-container\">\n\t\t\t\t\t\t\t<div class=\"elementor-wrapper elementor-open-inline\">\n\t\t\t<div class=\"elementor-video\"><\/div>\t\t<\/div>\n\t\t\t\t\t\t<\/div>\n\t\t\t\t<\/div>\n\t\t\t\t\t<\/div>\n\t\t\t\t<\/div>\n\t\t<div class=\"elementor-element elementor-element-7c7983b e-flex e-con-boxed e-con e-parent\" data-id=\"7c7983b\" data-element_type=\"container\" data-e-type=\"container\" data-settings=\"{&quot;background_background&quot;:&quot;classic&quot;}\">\n\t\t\t\t\t<div class=\"e-con-inner\">\n\t\t\t\t<div class=\"elementor-element elementor-element-0eb9c38 elementor-widget elementor-widget-heading\" data-id=\"0eb9c38\" data-element_type=\"widget\" data-e-type=\"widget\" data-widget_type=\"heading.default\">\n\t\t\t\t<div class=\"elementor-widget-container\">\n\t\t\t\t\t<h1 class=\"elementor-heading-title elementor-size-default\">Vid\u00e9os de soins post-op\u00e9ratoires de Northwestern Hair Restoration<\/h1>\t\t\t\t<\/div>\n\t\t\t\t<\/div>\n\t\t\t\t<div class=\"elementor-element elementor-element-f5c25bb elementor-widget elementor-widget-text-editor\" data-id=\"f5c25bb\" data-element_type=\"widget\" data-e-type=\"widget\" data-widget_type=\"text-editor.default\">\n\t\t\t\t<div class=\"elementor-widget-container\">\n\t\t\t\t\t\t\t\t\t<p>Bienvenue \u00e0 <strong data-start=\"467\" data-end=\"487\">Vid\u00e9os de suivi<\/strong> page pour <strong data-start=\"497\" data-end=\"530\">Restauration capillaire Northwestern<\/strong> \u2014 votre ressource de confiance pour des conseils \u00e9tape par \u00e9tape tout au long du processus de gu\u00e9rison apr\u00e8s une chirurgie de greffe de cheveux. Ces vid\u00e9os sont con\u00e7ues pour vous aider \u00e0 vous sentir en confiance chaque jour de votre r\u00e9tablissement, d\u00e8s votre sortie de notre clinique jusqu'\u00e0 ce que vous soyez bien engag\u00e9 sur la voie de la visibilit\u00e9 de vos r\u00e9sultats finaux. N'oubliez pas que si vous avez des questions pendant que vous suivez vos vid\u00e9os de soins postop\u00e9ratoires, <strong data-start=\"896\" data-end=\"994\">vous pouvez toujours appeler nos m\u00e9decins \u2014 ils sont disponibles 24h\/24 et 7j\/7 pour vous soutenir \u00e0 chaque \u00e9tape.<\/strong>.<\/p>\t\t\t\t\t\t\t\t<\/div>\n\t\t\t\t<\/div>\n\t\t\t\t\t<\/div>\n\t\t\t\t<\/div>\n\t\t<div class=\"elementor-element elementor-element-a9da11b custom-right-arrow e-flex e-con-boxed e-con e-parent\" data-id=\"a9da11b\" data-element_type=\"container\" data-e-type=\"container\" data-settings=\"{&quot;background_background&quot;:&quot;classic&quot;}\">\n\t\t\t\t\t<div class=\"e-con-inner\">\n\t\t<div class=\"elementor-element elementor-element-d477e4a e-con-full e-flex e-con e-child\" data-id=\"d477e4a\" data-element_type=\"container\" data-e-type=\"container\" data-settings=\"{&quot;background_background&quot;:&quot;classic&quot;}\">\n\t\t\t\t<div class=\"elementor-element elementor-element-10ae2d7 elementor-widget elementor-widget-heading\" data-id=\"10ae2d7\" data-element_type=\"widget\" data-e-type=\"widget\" data-widget_type=\"heading.default\">\n\t\t\t\t<div class=\"elementor-widget-container\">\n\t\t\t\t\t<h2 class=\"elementor-heading-title elementor-size-default\">Instructions jour par jour<\/h2>\t\t\t\t<\/div>\n\t\t\t\t<\/div>\n\t\t\t\t<div class=\"elementor-element elementor-element-43d4a03 elementor-widget elementor-widget-heading\" data-id=\"43d4a03\" data-element_type=\"widget\" data-e-type=\"widget\" data-widget_type=\"heading.default\">\n\t\t\t\t<div class=\"elementor-widget-container\">\n\t\t\t\t\t<div class=\"elementor-heading-title elementor-size-default\"><a href=\"\/fr\/guerison\/jour0\/\">Nuit de proc\u00e9dure<\/a><\/div>\t\t\t\t<\/div>\n\t\t\t\t<\/div>\n\t\t\t\t<div class=\"elementor-element elementor-element-a99dc11 elementor-widget elementor-widget-heading\" data-id=\"a99dc11\" data-element_type=\"widget\" data-e-type=\"widget\" data-widget_type=\"heading.default\">\n\t\t\t\t<div class=\"elementor-widget-container\">\n\t\t\t\t\t<div class=\"elementor-heading-title elementor-size-default\"><a href=\"\/fr\/guerison\/jour1\/\">Jour 1<\/a><\/div>\t\t\t\t<\/div>\n\t\t\t\t<\/div>\n\t\t\t\t<div class=\"elementor-element elementor-element-b289d95 elementor-widget elementor-widget-heading\" data-id=\"b289d95\" data-element_type=\"widget\" data-e-type=\"widget\" data-widget_type=\"heading.default\">\n\t\t\t\t<div class=\"elementor-widget-container\">\n\t\t\t\t\t<div class=\"elementor-heading-title elementor-size-default\"><a href=\"\/fr\/guerison\/jour2\/\">Jour 2<\/a><\/div>\t\t\t\t<\/div>\n\t\t\t\t<\/div>\n\t\t\t\t<div class=\"elementor-element elementor-element-5b02f9f elementor-widget elementor-widget-heading\" data-id=\"5b02f9f\" data-element_type=\"widget\" data-e-type=\"widget\" data-widget_type=\"heading.default\">\n\t\t\t\t<div class=\"elementor-widget-container\">\n\t\t\t\t\t<div class=\"elementor-heading-title elementor-size-default\"><a href=\"\/fr\/guerison\/jour3\/\">Jour 3<\/a><\/div>\t\t\t\t<\/div>\n\t\t\t\t<\/div>\n\t\t\t\t<div class=\"elementor-element elementor-element-a572fdf elementor-widget elementor-widget-heading\" data-id=\"a572fdf\" data-element_type=\"widget\" data-e-type=\"widget\" data-widget_type=\"heading.default\">\n\t\t\t\t<div class=\"elementor-widget-container\">\n\t\t\t\t\t<div class=\"elementor-heading-title elementor-size-default\"><a href=\"\/fr\/guerison\/jour-4\/\">Jour 4<\/a><\/div>\t\t\t\t<\/div>\n\t\t\t\t<\/div>\n\t\t\t\t<div class=\"elementor-element elementor-element-a33904b elementor-widget elementor-widget-heading\" data-id=\"a33904b\" data-element_type=\"widget\" data-e-type=\"widget\" data-widget_type=\"heading.default\">\n\t\t\t\t<div class=\"elementor-widget-container\">\n\t\t\t\t\t<div class=\"elementor-heading-title elementor-size-default\"><a href=\"\/fr\/guerison\/jour5\/\">Jour 5<\/a><\/div>\t\t\t\t<\/div>\n\t\t\t\t<\/div>\n\t\t\t\t<div class=\"elementor-element elementor-element-d1862b7 elementor-widget elementor-widget-heading\" data-id=\"d1862b7\" data-element_type=\"widget\" data-e-type=\"widget\" data-widget_type=\"heading.default\">\n\t\t\t\t<div class=\"elementor-widget-container\">\n\t\t\t\t\t<div class=\"elementor-heading-title elementor-size-default\"><a href=\"\/fr\/guerison\/jour-6\/\">Jour 6<\/a><\/div>\t\t\t\t<\/div>\n\t\t\t\t<\/div>\n\t\t\t\t<div class=\"elementor-element elementor-element-8abc0ca elementor-widget elementor-widget-heading\" data-id=\"8abc0ca\" data-element_type=\"widget\" data-e-type=\"widget\" data-widget_type=\"heading.default\">\n\t\t\t\t<div class=\"elementor-widget-container\">\n\t\t\t\t\t<div class=\"elementor-heading-title elementor-size-default\"><a href=\"\/fr\/guerison\/jour7\/\">Jour 7<\/a><\/div>\t\t\t\t<\/div>\n\t\t\t\t<\/div>\n\t\t\t\t<div class=\"elementor-element elementor-element-68a7beb elementor-widget elementor-widget-heading\" data-id=\"68a7beb\" data-element_type=\"widget\" data-e-type=\"widget\" data-widget_type=\"heading.default\">\n\t\t\t\t<div class=\"elementor-widget-container\">\n\t\t\t\t\t<div class=\"elementor-heading-title elementor-size-default\"><a href=\"\/fr\/guerison\/jour8\/\">Jour 8<\/a><\/div>\t\t\t\t<\/div>\n\t\t\t\t<\/div>\n\t\t\t\t<div class=\"elementor-element elementor-element-1812823 elementor-widget elementor-widget-heading\" data-id=\"1812823\" data-element_type=\"widget\" data-e-type=\"widget\" data-widget_type=\"heading.default\">\n\t\t\t\t<div class=\"elementor-widget-container\">\n\t\t\t\t\t<div class=\"elementor-heading-title elementor-size-default\"><a href=\"\/fr\/guerison\/jour9-pause\/\">Jour 9<\/a><\/div>\t\t\t\t<\/div>\n\t\t\t\t<\/div>\n\t\t\t\t<div class=\"elementor-element elementor-element-2f144e0 elementor-widget elementor-widget-heading\" data-id=\"2f144e0\" data-element_type=\"widget\" data-e-type=\"widget\" data-widget_type=\"heading.default\">\n\t\t\t\t<div class=\"elementor-widget-container\">\n\t\t\t\t\t<div class=\"elementor-heading-title elementor-size-default\"><a href=\"\/fr\/guerison\/jour10\/\">Jour 10<\/a><\/div>\t\t\t\t<\/div>\n\t\t\t\t<\/div>\n\t\t\t\t<div class=\"elementor-element elementor-element-e1d3146 elementor-widget elementor-widget-heading\" data-id=\"e1d3146\" data-element_type=\"widget\" data-e-type=\"widget\" data-widget_type=\"heading.default\">\n\t\t\t\t<div class=\"elementor-widget-container\">\n\t\t\t\t\t<div class=\"elementor-heading-title elementor-size-default\"><a href=\"\/fr\/guerison\/jour9-pause\/\">Jour 11<\/a><\/div>\t\t\t\t<\/div>\n\t\t\t\t<\/div>\n\t\t\t\t<div class=\"elementor-element elementor-element-dd571e4 elementor-widget elementor-widget-heading\" data-id=\"dd571e4\" data-element_type=\"widget\" data-e-type=\"widget\" data-widget_type=\"heading.default\">\n\t\t\t\t<div class=\"elementor-widget-container\">\n\t\t\t\t\t<div class=\"elementor-heading-title elementor-size-default\"><a href=\"\/fr\/guerison\/jour12\/\">Jour 12<\/a><\/div>\t\t\t\t<\/div>\n\t\t\t\t<\/div>\n\t\t\t\t<div class=\"elementor-element elementor-element-3650ee0 elementor-widget elementor-widget-heading\" data-id=\"3650ee0\" data-element_type=\"widget\" data-e-type=\"widget\" data-widget_type=\"heading.default\">\n\t\t\t\t<div class=\"elementor-widget-container\">\n\t\t\t\t\t<div class=\"elementor-heading-title elementor-size-default\"><a href=\"\/fr\/guerison\/jour15\/\">Jour 15<\/a><\/div>\t\t\t\t<\/div>\n\t\t\t\t<\/div>\n\t\t\t\t<div class=\"elementor-element elementor-element-fe18a01 elementor-widget elementor-widget-heading\" data-id=\"fe18a01\" data-element_type=\"widget\" data-e-type=\"widget\" data-widget_type=\"heading.default\">\n\t\t\t\t<div class=\"elementor-widget-container\">\n\t\t\t\t\t<div class=\"elementor-heading-title elementor-size-default\"><a href=\"\/fr\/guerison\/semaine3\/\">Semaine 3<\/a><\/div>\t\t\t\t<\/div>\n\t\t\t\t<\/div>\n\t\t\t\t<\/div>\n\t\t<div class=\"elementor-element elementor-element-bf33eba e-con-full e-flex e-con e-child\" data-id=\"bf33eba\" data-element_type=\"container\" data-e-type=\"container\" data-settings=\"{&quot;background_background&quot;:&quot;classic&quot;}\">\n\t\t\t\t<div class=\"elementor-element elementor-element-33f1ee2 elementor-widget elementor-widget-heading\" data-id=\"33f1ee2\" data-element_type=\"widget\" data-e-type=\"widget\" data-widget_type=\"heading.default\">\n\t\t\t\t<div class=\"elementor-widget-container\">\n\t\t\t\t\t<h2 class=\"elementor-heading-title elementor-size-default\">Vid\u00e9os par sujet<\/h2>\t\t\t\t<\/div>\n\t\t\t\t<\/div>\n\t\t\t\t<div class=\"elementor-element elementor-element-bdb61e6 elementor-widget elementor-widget-heading\" data-id=\"bdb61e6\" data-element_type=\"widget\" data-e-type=\"widget\" data-widget_type=\"heading.default\">\n\t\t\t\t<div class=\"elementor-widget-container\">\n\t\t\t\t\t<div class=\"elementor-heading-title elementor-size-default\"><a href=\"https:\/\/www.youtube.com\/watch?v=uCHWqXLxj0Y\" rel=\"noopener\">Vaporisation<\/a><\/div>\t\t\t\t<\/div>\n\t\t\t\t<\/div>\n\t\t\t\t<div class=\"elementor-element elementor-element-ee2544c elementor-widget elementor-widget-heading\" data-id=\"ee2544c\" data-element_type=\"widget\" data-e-type=\"widget\" data-widget_type=\"heading.default\">\n\t\t\t\t<div class=\"elementor-widget-container\">\n\t\t\t\t\t<div class=\"elementor-heading-title elementor-size-default\"><a href=\"\/fr\/guerison\/dormir\/\">Dormir<\/a><\/div>\t\t\t\t<\/div>\n\t\t\t\t<\/div>\n\t\t\t\t<div class=\"elementor-element elementor-element-b1dae1c elementor-widget elementor-widget-heading\" data-id=\"b1dae1c\" data-element_type=\"widget\" data-e-type=\"widget\" data-widget_type=\"heading.default\">\n\t\t\t\t<div class=\"elementor-widget-container\">\n\t\t\t\t\t<div class=\"elementor-heading-title elementor-size-default\"><a href=\"https:\/\/www.youtube.com\/watch?v=IC_tanE1Tlk\" rel=\"noopener\">Contr\u00f4le de la douleur<\/a><\/div>\t\t\t\t<\/div>\n\t\t\t\t<\/div>\n\t\t\t\t<div class=\"elementor-element elementor-element-5de3020 elementor-widget elementor-widget-heading\" data-id=\"5de3020\" data-element_type=\"widget\" data-e-type=\"widget\" data-widget_type=\"heading.default\">\n\t\t\t\t<div class=\"elementor-widget-container\">\n\t\t\t\t\t<div class=\"elementor-heading-title elementor-size-default\"><a href=\"https:\/\/www.youtube.com\/watch?v=ueLY4VLteMc\" rel=\"noopener\">Retrait de votre pansement (Jour 2)<\/a><\/div>\t\t\t\t<\/div>\n\t\t\t\t<\/div>\n\t\t\t\t<div class=\"elementor-element elementor-element-695d5d0 elementor-widget elementor-widget-heading\" data-id=\"695d5d0\" data-element_type=\"widget\" data-e-type=\"widget\" data-widget_type=\"heading.default\">\n\t\t\t\t<div class=\"elementor-widget-container\">\n\t\t\t\t\t<div class=\"elementor-heading-title elementor-size-default\"><a href=\"https:\/\/www.youtube.com\/watch?v=Hg587LHW9-I\" rel=\"noopener\">Application de la Bacitracine (Jour 2 \u00e0 partir de)<\/a><\/div>\t\t\t\t<\/div>\n\t\t\t\t<\/div>\n\t\t\t\t<div class=\"elementor-element elementor-element-3878fc1 elementor-widget elementor-widget-heading\" data-id=\"3878fc1\" data-element_type=\"widget\" data-e-type=\"widget\" data-widget_type=\"heading.default\">\n\t\t\t\t<div class=\"elementor-widget-container\">\n\t\t\t\t\t<div class=\"elementor-heading-title elementor-size-default\"><a href=\"\/fr\/guerison\/se-laver-les-cheveux\/\">Se laver les cheveux (\u00c0 partir du Jour 2)<\/a><\/div>\t\t\t\t<\/div>\n\t\t\t\t<\/div>\n\t\t\t\t<div class=\"elementor-element elementor-element-6d5dc47 elementor-widget elementor-widget-heading\" data-id=\"6d5dc47\" data-element_type=\"widget\" data-e-type=\"widget\" data-widget_type=\"heading.default\">\n\t\t\t\t<div class=\"elementor-widget-container\">\n\t\t\t\t\t<div class=\"elementor-heading-title elementor-size-default\"><a href=\"https:\/\/www.youtube.com\/watch?v=XxZ4cKpZvEQ\" rel=\"noopener\">Maux de t\u00eate<\/a><\/div>\t\t\t\t<\/div>\n\t\t\t\t<\/div>\n\t\t\t\t<div class=\"elementor-element elementor-element-203524e elementor-widget elementor-widget-heading\" data-id=\"203524e\" data-element_type=\"widget\" data-e-type=\"widget\" data-widget_type=\"heading.default\">\n\t\t\t\t<div class=\"elementor-widget-container\">\n\t\t\t\t\t<div class=\"elementor-heading-title elementor-size-default\"><a href=\"https:\/\/www.youtube.com\/watch?v=1HrtvayaFY0\" rel=\"noopener\">Points sensibles<\/a><\/div>\t\t\t\t<\/div>\n\t\t\t\t<\/div>\n\t\t\t\t<div class=\"elementor-element elementor-element-39b612e elementor-widget elementor-widget-heading\" data-id=\"39b612e\" data-element_type=\"widget\" data-e-type=\"widget\" data-widget_type=\"heading.default\">\n\t\t\t\t<div class=\"elementor-widget-container\">\n\t\t\t\t\t<div class=\"elementor-heading-title elementor-size-default\"><a href=\"https:\/\/www.youtube.com\/watch?v=M8QRXtcKVjg\" rel=\"noopener\">Gonflement et ecchymoses<\/a><\/div>\t\t\t\t<\/div>\n\t\t\t\t<\/div>\n\t\t\t\t<div class=\"elementor-element elementor-element-be4ae94 elementor-widget elementor-widget-heading\" data-id=\"be4ae94\" data-element_type=\"widget\" data-e-type=\"widget\" data-widget_type=\"heading.default\">\n\t\t\t\t<div class=\"elementor-widget-container\">\n\t\t\t\t\t<div class=\"elementor-heading-title elementor-size-default\"><a href=\"https:\/\/www.youtube.com\/watch?v=BKrGHJMoK8s\" rel=\"noopener\">D\u00e9mangeaison<\/a><\/div>\t\t\t\t<\/div>\n\t\t\t\t<\/div>\n\t\t\t\t<div class=\"elementor-element elementor-element-769affe elementor-widget elementor-widget-heading\" data-id=\"769affe\" data-element_type=\"widget\" data-e-type=\"widget\" data-widget_type=\"heading.default\">\n\t\t\t\t<div class=\"elementor-widget-container\">\n\t\t\t\t\t<div class=\"elementor-heading-title elementor-size-default\"><a href=\"https:\/\/www.youtube.com\/watch?v=W57kW106zA0\" rel=\"noopener\">Croutes<\/a><\/div>\t\t\t\t<\/div>\n\t\t\t\t<\/div>\n\t\t\t\t<div class=\"elementor-element elementor-element-49eacf0 elementor-widget elementor-widget-heading\" data-id=\"49eacf0\" data-element_type=\"widget\" data-e-type=\"widget\" data-widget_type=\"heading.default\">\n\t\t\t\t<div class=\"elementor-widget-container\">\n\t\t\t\t\t<div class=\"elementor-heading-title elementor-size-default\"><a href=\"https:\/\/www.youtube.com\/watch?v=kVMM8IxuyKY\" rel=\"noopener\">Huiler pour ramollir la cro\u00fbte<\/a><\/div>\t\t\t\t<\/div>\n\t\t\t\t<\/div>\n\t\t\t\t<div class=\"elementor-element elementor-element-176d9e5 elementor-widget elementor-widget-heading\" data-id=\"176d9e5\" data-element_type=\"widget\" data-e-type=\"widget\" data-widget_type=\"heading.default\">\n\t\t\t\t<div class=\"elementor-widget-container\">\n\t\t\t\t\t<div class=\"elementor-heading-title elementor-size-default\"><a href=\"https:\/\/www.youtube.com\/watch?v=Z76rzRCUcrM\" rel=\"noopener\">Enl\u00e8vement des cro\u00fbtes (Jour le plus t\u00f4t J15)<\/a><\/div>\t\t\t\t<\/div>\n\t\t\t\t<\/div>\n\t\t\t\t<div class=\"elementor-element elementor-element-54f2441 elementor-widget elementor-widget-heading\" data-id=\"54f2441\" data-element_type=\"widget\" data-e-type=\"widget\" data-widget_type=\"heading.default\">\n\t\t\t\t<div class=\"elementor-widget-container\">\n\t\t\t\t\t<div class=\"elementor-heading-title elementor-size-default\"><a href=\"https:\/\/www.youtube.com\/watch?v=_FSpCsNhJfY\" rel=\"noopener\">Perte de cheveux par choc<\/a><\/div>\t\t\t\t<\/div>\n\t\t\t\t<\/div>\n\t\t\t\t<div class=\"elementor-element elementor-element-82c79f8 elementor-widget elementor-widget-heading\" data-id=\"82c79f8\" data-element_type=\"widget\" data-e-type=\"widget\" data-widget_type=\"heading.default\">\n\t\t\t\t<div class=\"elementor-widget-container\">\n\t\t\t\t\t<div class=\"elementor-heading-title elementor-size-default\"><a href=\"https:\/\/www.youtube.com\/watch?v=Ff3lqZOU_M0\" rel=\"noopener\">Activit\u00e9 physique<\/a><\/div>\t\t\t\t<\/div>\n\t\t\t\t<\/div>\n\t\t\t\t<div class=\"elementor-element elementor-element-f056f64 elementor-widget elementor-widget-heading\" data-id=\"f056f64\" data-element_type=\"widget\" data-e-type=\"widget\" data-widget_type=\"heading.default\">\n\t\t\t\t<div class=\"elementor-widget-container\">\n\t\t\t\t\t<div class=\"elementor-heading-title elementor-size-default\"><a href=\"https:\/\/www.youtube.com\/watch?v=kRVaD5V7sFo\" rel=\"noopener\">Porter une casquette (Jour 5 au plus t\u00f4t)<\/a><\/div>\t\t\t\t<\/div>\n\t\t\t\t<\/div>\n\t\t\t\t<div class=\"elementor-element elementor-element-6c66c23 elementor-widget elementor-widget-heading\" data-id=\"6c66c23\" data-element_type=\"widget\" data-e-type=\"widget\" data-widget_type=\"heading.default\">\n\t\t\t\t<div class=\"elementor-widget-container\">\n\t\t\t\t\t<div class=\"elementor-heading-title elementor-size-default\"><a href=\"https:\/\/www.youtube.com\/watch?v=IdDakUPkt_E\" rel=\"noopener\">Exposition au soleil (Jour 5 au plus t\u00f4t)<\/a><\/div>\t\t\t\t<\/div>\n\t\t\t\t<\/div>\n\t\t\t\t<div class=\"elementor-element elementor-element-60109ff elementor-widget elementor-widget-heading\" data-id=\"60109ff\" data-element_type=\"widget\" data-e-type=\"widget\" data-widget_type=\"heading.default\">\n\t\t\t\t<div class=\"elementor-widget-container\">\n\t\t\t\t\t<div class=\"elementor-heading-title elementor-size-default\"><a href=\"https:\/\/www.youtube.com\/watch?v=ynvnerX4xV0\" rel=\"noopener\">Poils incarn\u00e9s<\/a><\/div>\t\t\t\t<\/div>\n\t\t\t\t<\/div>\n\t\t\t\t<div class=\"elementor-element elementor-element-c2e30fb elementor-widget elementor-widget-heading\" data-id=\"c2e30fb\" data-element_type=\"widget\" data-e-type=\"widget\" data-widget_type=\"heading.default\">\n\t\t\t\t<div class=\"elementor-widget-container\">\n\t\t\t\t\t<div class=\"elementor-heading-title elementor-size-default\"><a href=\"https:\/\/www.youtube.com\/watch?v=qtut8IjGM1k\" rel=\"noopener\">Bosses sur l'arri\u00e8re de la t\u00eate<\/a><\/div>\t\t\t\t<\/div>\n\t\t\t\t<\/div>\n\t\t\t\t<\/div>\n\t\t\t\t\t<\/div>\n\t\t\t\t<\/div>\n\t\t\t\t<\/div>","protected":false},"excerpt":{"rendered":"<p>Aftercare Videos From Northwestern Hair Restoration Welcome to the Aftercare videos page for Northwestern Hair Restoration \u2014 your trusted resource for step-by-step guidance through the healing process after hair transplant surgery. These videos are designed to help you feel confident every day of your recovery, from the moment you leave our clinic to when you\u2019re [&hellip;]<\/p>\n","protected":false},"author":3,"featured_media":0,"parent":0,"menu_order":0,"comment_status":"closed","ping_status":"closed","template":"","meta":{"_acf_changed":false,"footnotes":""},"class_list":["post-8633","page","type-page","status-publish","hentry","has-read-time","read-time-1"],"acf":[],"_links":{"self":[{"href":"https:\/\/northwesternhair.com\/fr\/wp-json\/wp\/v2\/pages\/8633","targetHints":{"allow":["GET"]}}],"collection":[{"href":"https:\/\/northwesternhair.com\/fr\/wp-json\/wp\/v2\/pages"}],"about":[{"href":"https:\/\/northwesternhair.com\/fr\/wp-json\/wp\/v2\/types\/page"}],"author":[{"embeddable":true,"href":"https:\/\/northwesternhair.com\/fr\/wp-json\/wp\/v2\/users\/3"}],"replies":[{"embeddable":true,"href":"https:\/\/northwesternhair.com\/fr\/wp-json\/wp\/v2\/comments?post=8633"}],"version-history":[{"count":5,"href":"https:\/\/northwesternhair.com\/fr\/wp-json\/wp\/v2\/pages\/8633\/revisions"}],"predecessor-version":[{"id":27182,"href":"https:\/\/northwesternhair.com\/fr\/wp-json\/wp\/v2\/pages\/8633\/revisions\/27182"}],"wp:attachment":[{"href":"https:\/\/northwesternhair.com\/fr\/wp-json\/wp\/v2\/media?parent=8633"}],"curies":[{"name":"wp","href":"https:\/\/api.w.org\/{rel}","templated":true}]}}