{"id":9471,"date":"2024-11-27T12:31:13","date_gmt":"2024-11-27T12:31:13","guid":{"rendered":"https:\/\/northwesternhair.com\/?page_id=9471"},"modified":"2024-12-12T06:25:09","modified_gmt":"2024-12-12T06:25:09","slug":"il-nostro-team","status":"publish","type":"page","link":"https:\/\/northwesternhair.com\/it\/our-team\/","title":{"rendered":"Classificati come i migliori dottori per trapianto di capelli a Chicago"},"content":{"rendered":"<div data-elementor-type=\"wp-page\" data-elementor-id=\"9471\" class=\"elementor elementor-9471\" data-elementor-post-type=\"page\">\n\t\t\t\t<div class=\"elementor-element elementor-element-f55021c elementor-hidden-desktop elementor-hidden-tablet e-flex e-con-boxed e-con e-parent\" data-id=\"f55021c\" data-element_type=\"container\" data-e-type=\"container\">\n\t\t\t\t\t<div class=\"e-con-inner\">\n\t\t\t\t<div class=\"elementor-element elementor-element-fd101a2 elementor-widget elementor-widget-image\" data-id=\"fd101a2\" data-element_type=\"widget\" data-e-type=\"widget\" data-widget_type=\"image.default\">\n\t\t\t\t<div class=\"elementor-widget-container\">\n\t\t\t\t\t\t\t\t\t\t\t\t\t\t\t<img fetchpriority=\"high\" decoding=\"async\" width=\"800\" height=\"662\" src=\"https:\/\/northwesternhair.com\/wp-content\/uploads\/2024\/11\/top-fue-hair-restoration-clinic-in-chicago-il-1-1024x847.jpg\" class=\"attachment-large size-large wp-image-9139\" alt=\"\" srcset=\"https:\/\/northwesternhair.com\/wp-content\/uploads\/2024\/11\/top-fue-hair-restoration-clinic-in-chicago-il-1-1024x847.jpg 1024w, https:\/\/northwesternhair.com\/wp-content\/uploads\/2024\/11\/top-fue-hair-restoration-clinic-in-chicago-il-1-300x248.jpg 300w, https:\/\/northwesternhair.com\/wp-content\/uploads\/2024\/11\/top-fue-hair-restoration-clinic-in-chicago-il-1-768x636.jpg 768w, https:\/\/northwesternhair.com\/wp-content\/uploads\/2024\/11\/top-fue-hair-restoration-clinic-in-chicago-il-1.jpg 1148w\" sizes=\"(max-width: 800px) 100vw, 800px\" \/>\t\t\t\t\t\t\t\t\t\t\t\t\t\t\t<\/div>\n\t\t\t\t<\/div>\n\t\t\t\t\t<\/div>\n\t\t\t\t<\/div>\n\t\t<div class=\"elementor-element elementor-element-093e75a e-flex e-con-boxed e-con e-parent\" data-id=\"093e75a\" data-element_type=\"container\" data-e-type=\"container\" data-settings=\"{&quot;background_background&quot;:&quot;classic&quot;}\">\n\t\t\t\t\t<div class=\"e-con-inner\">\n\t\t<div class=\"elementor-element elementor-element-116b846 e-grid e-con-full e-con e-child\" data-id=\"116b846\" data-element_type=\"container\" data-e-type=\"container\" data-settings=\"{&quot;background_background&quot;:&quot;slideshow&quot;,&quot;background_slideshow_gallery&quot;:[],&quot;background_slideshow_loop&quot;:&quot;yes&quot;,&quot;background_slideshow_slide_duration&quot;:5000,&quot;background_slideshow_slide_transition&quot;:&quot;fade&quot;,&quot;background_slideshow_transition_duration&quot;:500}\">\n\t\t<div class=\"elementor-element elementor-element-4211843 e-con-full banner-btn e-flex e-con e-child\" data-id=\"4211843\" data-element_type=\"container\" data-e-type=\"container\">\n\t\t\t\t<div class=\"elementor-element elementor-element-02dfb8a elementor-widget__width-inherit elementor-widget elementor-widget-heading\" data-id=\"02dfb8a\" data-element_type=\"widget\" data-e-type=\"widget\" data-widget_type=\"heading.default\">\n\t\t\t\t<div class=\"elementor-widget-container\">\n\t\t\t\t\t<h1 class=\"elementor-heading-title elementor-size-default\">Quando l'esperienza medica conta.<\/h1>\t\t\t\t<\/div>\n\t\t\t\t<\/div>\n\t\t\t\t<\/div>\n\t\t\t\t<\/div>\n\t\t\t\t\t<\/div>\n\t\t\t\t<\/div>\n\t\t<div class=\"elementor-element elementor-element-2373a82 e-flex e-con-boxed e-con e-parent\" data-id=\"2373a82\" data-element_type=\"container\" data-e-type=\"container\">\n\t\t\t\t\t<div class=\"e-con-inner\">\n\t\t<div class=\"elementor-element elementor-element-916e7c7 e-grid e-con-full e-con e-child\" data-id=\"916e7c7\" data-element_type=\"container\" data-e-type=\"container\">\n\t\t<div class=\"elementor-element elementor-element-670f1af e-con-full e-flex e-con e-child\" data-id=\"670f1af\" data-element_type=\"container\" data-e-type=\"container\">\n\t\t\t\t<div class=\"elementor-element elementor-element-52d5fd4 elementor-widget elementor-widget-spacer\" data-id=\"52d5fd4\" data-element_type=\"widget\" data-e-type=\"widget\" data-widget_type=\"spacer.default\">\n\t\t\t\t<div class=\"elementor-widget-container\">\n\t\t\t\t\t\t\t<div class=\"elementor-spacer\">\n\t\t\t<div class=\"elementor-spacer-inner\"><\/div>\n\t\t<\/div>\n\t\t\t\t\t\t<\/div>\n\t\t\t\t<\/div>\n\t\t\t\t<div class=\"elementor-element elementor-element-aa53a93 sub-text elementor-widget elementor-widget-heading\" data-id=\"aa53a93\" data-element_type=\"widget\" data-e-type=\"widget\" data-widget_type=\"heading.default\">\n\t\t\t\t<div class=\"elementor-widget-container\">\n\t\t\t\t\t<h3 class=\"elementor-heading-title elementor-size-default\">Vinay Rawlani, MD<\/h3>\t\t\t\t<\/div>\n\t\t\t\t<\/div>\n\t\t\t\t<div class=\"elementor-element elementor-element-d180ee5 elementor-widget elementor-widget-text-editor\" data-id=\"d180ee5\" data-element_type=\"widget\" data-e-type=\"widget\" data-widget_type=\"text-editor.default\">\n\t\t\t\t<div class=\"elementor-widget-container\">\n\t\t\t\t\t\t\t\t\t<div class=\"et_pb_module et_pb_text et_pb_text_2 et_pb_text_align_right et_pb_text_align_left-phone et_pb_bg_layout_light\"><div class=\"et_pb_text_inner\"><p>Come medico-inventore-imprenditore, il Dr. Rawlani \u00e8 stato Louis E Fazen Endowed Scholar presso la Northwestern Medical School. \u00c8 un grande sostenitore delle tecniche naturali e discrete di sostituzione dei capelli e contribuisce a facilitare esperienze trasparenti per i pazienti.<\/p><\/div><\/div>\t\t\t\t\t\t\t\t<\/div>\n\t\t\t\t<\/div>\n\t\t\t\t<div class=\"elementor-element elementor-element-90e7b6f elementor-widget elementor-widget-text-editor\" data-id=\"90e7b6f\" data-element_type=\"widget\" data-e-type=\"widget\" data-widget_type=\"text-editor.default\">\n\t\t\t\t<div class=\"elementor-widget-container\">\n\t\t\t\t\t\t\t\t\t<a href=\"\/it\/contattaci\/\">Pianifica una consulenza<\/a>\t\t\t\t\t\t\t\t<\/div>\n\t\t\t\t<\/div>\n\t\t\t\t<\/div>\n\t\t<div class=\"elementor-element elementor-element-771bc2a e-con-full e-flex e-con e-child\" data-id=\"771bc2a\" data-element_type=\"container\" data-e-type=\"container\">\n\t\t\t\t<div class=\"elementor-element elementor-element-4b67c11 elementor-widget elementor-widget-image\" data-id=\"4b67c11\" data-element_type=\"widget\" data-e-type=\"widget\" data-widget_type=\"image.default\">\n\t\t\t\t<div class=\"elementor-widget-container\">\n\t\t\t\t\t\t\t\t\t\t\t\t\t\t\t<img decoding=\"async\" width=\"800\" height=\"600\" src=\"https:\/\/northwesternhair.com\/wp-content\/uploads\/2024\/11\/best-fue-doctor-in-chicago-Dr.-Vinay-Rawlani-performs-hair-restoration-procedure-1024x768.jpg\" class=\"attachment-large size-large wp-image-9085\" alt=\"miglior trapianto fue\" srcset=\"https:\/\/northwesternhair.com\/wp-content\/uploads\/2024\/11\/best-fue-doctor-in-chicago-Dr.-Vinay-Rawlani-performs-hair-restoration-procedure-1024x768.jpg 1024w, https:\/\/northwesternhair.com\/wp-content\/uploads\/2024\/11\/best-fue-doctor-in-chicago-Dr.-Vinay-Rawlani-performs-hair-restoration-procedure-300x225.jpg 300w, https:\/\/northwesternhair.com\/wp-content\/uploads\/2024\/11\/best-fue-doctor-in-chicago-Dr.-Vinay-Rawlani-performs-hair-restoration-procedure-768x576.jpg 768w, https:\/\/northwesternhair.com\/wp-content\/uploads\/2024\/11\/best-fue-doctor-in-chicago-Dr.-Vinay-Rawlani-performs-hair-restoration-procedure.jpg 1080w\" sizes=\"(max-width: 800px) 100vw, 800px\" \/>\t\t\t\t\t\t\t\t\t\t\t\t\t\t\t<\/div>\n\t\t\t\t<\/div>\n\t\t\t\t<\/div>\n\t\t\t\t<\/div>\n\t\t\t\t\t<\/div>\n\t\t\t\t<\/div>\n\t\t<div class=\"elementor-element elementor-element-8055d88 e-flex e-con-boxed e-con e-parent\" data-id=\"8055d88\" data-element_type=\"container\" data-e-type=\"container\">\n\t\t\t\t\t<div class=\"e-con-inner\">\n\t\t\t\t<div class=\"elementor-element elementor-element-880f008 elementor-widget-divider--view-line elementor-widget elementor-widget-divider\" data-id=\"880f008\" data-element_type=\"widget\" data-e-type=\"widget\" data-widget_type=\"divider.default\">\n\t\t\t\t<div class=\"elementor-widget-container\">\n\t\t\t\t\t\t\t<div class=\"elementor-divider\">\n\t\t\t<span class=\"elementor-divider-separator\">\n\t\t\t\t\t\t<\/span>\n\t\t<\/div>\n\t\t\t\t\t\t<\/div>\n\t\t\t\t<\/div>\n\t\t<div class=\"elementor-element elementor-element-1ac7282 e-grid e-con-full e-con e-child\" data-id=\"1ac7282\" data-element_type=\"container\" data-e-type=\"container\">\n\t\t<div class=\"elementor-element elementor-element-c41128e e-con-full e-flex e-con e-child\" data-id=\"c41128e\" data-element_type=\"container\" data-e-type=\"container\">\n\t\t\t\t<div class=\"elementor-element elementor-element-75270f8 elementor-widget elementor-widget-image\" data-id=\"75270f8\" data-element_type=\"widget\" data-e-type=\"widget\" data-widget_type=\"image.default\">\n\t\t\t\t<div class=\"elementor-widget-container\">\n\t\t\t\t\t\t\t\t\t\t\t\t\t\t\t<img decoding=\"async\" width=\"800\" height=\"600\" src=\"https:\/\/northwesternhair.com\/wp-content\/uploads\/2024\/11\/top-hair-restorer-in-chicago-il-1024x768.jpg\" class=\"attachment-large size-large wp-image-9086\" alt=\"trapianto di capelli\" srcset=\"https:\/\/northwesternhair.com\/wp-content\/uploads\/2024\/11\/top-hair-restorer-in-chicago-il-1024x768.jpg 1024w, https:\/\/northwesternhair.com\/wp-content\/uploads\/2024\/11\/top-hair-restorer-in-chicago-il-300x225.jpg 300w, https:\/\/northwesternhair.com\/wp-content\/uploads\/2024\/11\/top-hair-restorer-in-chicago-il-768x576.jpg 768w, https:\/\/northwesternhair.com\/wp-content\/uploads\/2024\/11\/top-hair-restorer-in-chicago-il.jpg 1080w\" sizes=\"(max-width: 800px) 100vw, 800px\" \/>\t\t\t\t\t\t\t\t\t\t\t\t\t\t\t<\/div>\n\t\t\t\t<\/div>\n\t\t\t\t<\/div>\n\t\t<div class=\"elementor-element elementor-element-2c9caf6 e-con-full e-flex e-con e-child\" data-id=\"2c9caf6\" data-element_type=\"container\" data-e-type=\"container\">\n\t\t\t\t<div class=\"elementor-element elementor-element-ad90733 elementor-widget elementor-widget-spacer\" data-id=\"ad90733\" data-element_type=\"widget\" data-e-type=\"widget\" data-widget_type=\"spacer.default\">\n\t\t\t\t<div class=\"elementor-widget-container\">\n\t\t\t\t\t\t\t<div class=\"elementor-spacer\">\n\t\t\t<div class=\"elementor-spacer-inner\"><\/div>\n\t\t<\/div>\n\t\t\t\t\t\t<\/div>\n\t\t\t\t<\/div>\n\t\t\t\t<div class=\"elementor-element elementor-element-f3ce92e sub-text elementor-widget elementor-widget-heading\" data-id=\"f3ce92e\" data-element_type=\"widget\" data-e-type=\"widget\" data-widget_type=\"heading.default\">\n\t\t\t\t<div class=\"elementor-widget-container\">\n\t\t\t\t\t<h3 class=\"elementor-heading-title elementor-size-default\">Clark Schierle, MD PhD<\/h3>\t\t\t\t<\/div>\n\t\t\t\t<\/div>\n\t\t\t\t<div class=\"elementor-element elementor-element-87360db elementor-widget elementor-widget-text-editor\" data-id=\"87360db\" data-element_type=\"widget\" data-e-type=\"widget\" data-widget_type=\"text-editor.default\">\n\t\t\t\t<div class=\"elementor-widget-container\">\n\t\t\t\t\t\t\t\t\t<p>Avendo iniziato il suo percorso MD\/PhD ad Harvard all'et\u00e0 di 16 anni, il Dott. Schierle \u00e8 una delle menti pi\u00f9 brillanti della medicina. La sua capacit\u00e0 unica di tradurre la ricerca scientifica in trattamenti ci mantiene all'avanguardia nell'estrazione di unit\u00e0 follicolari e nel restauro dei capelli.<\/p>\t\t\t\t\t\t\t\t<\/div>\n\t\t\t\t<\/div>\n\t\t\t\t<div class=\"elementor-element elementor-element-c3daeb6 elementor-widget elementor-widget-text-editor\" data-id=\"c3daeb6\" data-element_type=\"widget\" data-e-type=\"widget\" data-widget_type=\"text-editor.default\">\n\t\t\t\t<div class=\"elementor-widget-container\">\n\t\t\t\t\t\t\t\t\t<a href=\"\/it\/contattaci\/\">Pianifica una consulenza<\/a>\t\t\t\t\t\t\t\t<\/div>\n\t\t\t\t<\/div>\n\t\t\t\t<\/div>\n\t\t\t\t<\/div>\n\t\t\t\t\t<\/div>\n\t\t\t\t<\/div>\n\t\t<div class=\"elementor-element elementor-element-7220e6e e-flex e-con-boxed e-con e-parent\" data-id=\"7220e6e\" data-element_type=\"container\" data-e-type=\"container\">\n\t\t\t\t\t<div class=\"e-con-inner\">\n\t\t\t\t<div class=\"elementor-element elementor-element-8fd53e6 elementor-widget-divider--view-line elementor-widget elementor-widget-divider\" data-id=\"8fd53e6\" data-element_type=\"widget\" data-e-type=\"widget\" data-widget_type=\"divider.default\">\n\t\t\t\t<div class=\"elementor-widget-container\">\n\t\t\t\t\t\t\t<div class=\"elementor-divider\">\n\t\t\t<span class=\"elementor-divider-separator\">\n\t\t\t\t\t\t<\/span>\n\t\t<\/div>\n\t\t\t\t\t\t<\/div>\n\t\t\t\t<\/div>\n\t\t<div class=\"elementor-element elementor-element-cadb365 e-grid e-con-full e-con e-child\" data-id=\"cadb365\" data-element_type=\"container\" data-e-type=\"container\">\n\t\t<div class=\"elementor-element elementor-element-cde85ae e-con-full e-flex e-con e-child\" data-id=\"cde85ae\" data-element_type=\"container\" data-e-type=\"container\">\n\t\t\t\t<div class=\"elementor-element elementor-element-b2ac836 elementor-widget elementor-widget-spacer\" data-id=\"b2ac836\" data-element_type=\"widget\" data-e-type=\"widget\" data-widget_type=\"spacer.default\">\n\t\t\t\t<div class=\"elementor-widget-container\">\n\t\t\t\t\t\t\t<div class=\"elementor-spacer\">\n\t\t\t<div class=\"elementor-spacer-inner\"><\/div>\n\t\t<\/div>\n\t\t\t\t\t\t<\/div>\n\t\t\t\t<\/div>\n\t\t\t\t<div class=\"elementor-element elementor-element-80898ff sub-text elementor-widget elementor-widget-heading\" data-id=\"80898ff\" data-element_type=\"widget\" data-e-type=\"widget\" data-widget_type=\"heading.default\">\n\t\t\t\t<div class=\"elementor-widget-container\">\n\t\t\t\t\t<h3 class=\"elementor-heading-title elementor-size-default\">Carmen Ramirez DSc<\/h3>\t\t\t\t<\/div>\n\t\t\t\t<\/div>\n\t\t\t\t<div class=\"elementor-element elementor-element-1b54885 elementor-widget elementor-widget-text-editor\" data-id=\"1b54885\" data-element_type=\"widget\" data-e-type=\"widget\" data-widget_type=\"text-editor.default\">\n\t\t\t\t<div class=\"elementor-widget-container\">\n\t\t\t\t\t\t\t\t\t<div class=\"et_pb_module et_pb_text et_pb_text_2 et_pb_text_align_right et_pb_text_align_left-phone et_pb_bg_layout_light\"><div class=\"et_pb_text_inner\"><p>Con oltre 20 anni di esperienza nell'esecuzione di trapianti di capelli, Carmen \u00e8 una delle tricologhe pi\u00f9 richieste del paese. \u00c8 una formatrice nazionale per professionisti medici e uno dei pochi tecnici a possedere un dottorato con specializzazione in capelli.<\/p><\/div><\/div>\t\t\t\t\t\t\t\t<\/div>\n\t\t\t\t<\/div>\n\t\t\t\t<div class=\"elementor-element elementor-element-9f10be0 elementor-widget elementor-widget-text-editor\" data-id=\"9f10be0\" data-element_type=\"widget\" data-e-type=\"widget\" data-widget_type=\"text-editor.default\">\n\t\t\t\t<div class=\"elementor-widget-container\">\n\t\t\t\t\t\t\t\t\t<a href=\"\/it\/contattaci\/\">Pianifica una consulenza<\/a>\t\t\t\t\t\t\t\t<\/div>\n\t\t\t\t<\/div>\n\t\t\t\t<\/div>\n\t\t<div class=\"elementor-element elementor-element-477a9d8 e-con-full e-flex e-con e-child\" data-id=\"477a9d8\" data-element_type=\"container\" data-e-type=\"container\">\n\t\t\t\t<div class=\"elementor-element elementor-element-7c5fab4 elementor-widget elementor-widget-image\" data-id=\"7c5fab4\" data-element_type=\"widget\" data-e-type=\"widget\" data-widget_type=\"image.default\">\n\t\t\t\t<div class=\"elementor-widget-container\">\n\t\t\t\t\t\t\t\t\t\t\t\t\t\t\t<img loading=\"lazy\" decoding=\"async\" width=\"800\" height=\"600\" src=\"https:\/\/northwesternhair.com\/wp-content\/uploads\/2024\/11\/carmen-examing-alicia-header-tablet-1024x768.jpg\" class=\"attachment-large size-large wp-image-9497\" alt=\"carmen che esamina alicia\" srcset=\"https:\/\/northwesternhair.com\/wp-content\/uploads\/2024\/11\/carmen-examing-alicia-header-tablet-1024x768.jpg 1024w, https:\/\/northwesternhair.com\/wp-content\/uploads\/2024\/11\/carmen-examing-alicia-header-tablet-300x225.jpg 300w, https:\/\/northwesternhair.com\/wp-content\/uploads\/2024\/11\/carmen-examing-alicia-header-tablet-768x576.jpg 768w, https:\/\/northwesternhair.com\/wp-content\/uploads\/2024\/11\/carmen-examing-alicia-header-tablet.jpg 1080w\" sizes=\"(max-width: 800px) 100vw, 800px\" \/>\t\t\t\t\t\t\t\t\t\t\t\t\t\t\t<\/div>\n\t\t\t\t<\/div>\n\t\t\t\t<\/div>\n\t\t\t\t<\/div>\n\t\t\t\t\t<\/div>\n\t\t\t\t<\/div>\n\t\t<div class=\"elementor-element elementor-element-4e7e041 e-flex e-con-boxed e-con e-parent\" data-id=\"4e7e041\" data-element_type=\"container\" data-e-type=\"container\">\n\t\t\t\t\t<div class=\"e-con-inner\">\n\t\t<div class=\"elementor-element elementor-element-e47ab95 e-flex e-con-boxed e-con e-child\" data-id=\"e47ab95\" data-element_type=\"container\" data-e-type=\"container\">\n\t\t\t\t\t<div class=\"e-con-inner\">\n\t\t<div class=\"elementor-element elementor-element-c14708d e-grid e-con-full e-con e-child\" data-id=\"c14708d\" data-element_type=\"container\" data-e-type=\"container\" data-settings=\"{&quot;background_background&quot;:&quot;classic&quot;}\">\n\t\t\t\t<div class=\"elementor-element elementor-element-5ccfaef elementor-widget elementor-widget-image\" data-id=\"5ccfaef\" data-element_type=\"widget\" data-e-type=\"widget\" data-widget_type=\"image.default\">\n\t\t\t\t<div class=\"elementor-widget-container\">\n\t\t\t\t\t\t\t\t\t\t\t\t\t\t\t<img loading=\"lazy\" decoding=\"async\" width=\"800\" height=\"827\" src=\"https:\/\/northwesternhair.com\/wp-content\/uploads\/2024\/11\/phone-virtual-consult-with-QR-code-v2-1-990x1024.jpg\" class=\"attachment-large size-large wp-image-8797\" alt=\"\" srcset=\"https:\/\/northwesternhair.com\/wp-content\/uploads\/2024\/11\/phone-virtual-consult-with-QR-code-v2-1-990x1024.jpg 990w, https:\/\/northwesternhair.com\/wp-content\/uploads\/2024\/11\/phone-virtual-consult-with-QR-code-v2-1-290x300.jpg 290w, https:\/\/northwesternhair.com\/wp-content\/uploads\/2024\/11\/phone-virtual-consult-with-QR-code-v2-1-768x794.jpg 768w, https:\/\/northwesternhair.com\/wp-content\/uploads\/2024\/11\/phone-virtual-consult-with-QR-code-v2-1.jpg 1080w\" sizes=\"(max-width: 800px) 100vw, 800px\" \/>\t\t\t\t\t\t\t\t\t\t\t\t\t\t\t<\/div>\n\t\t\t\t<\/div>\n\t\t<div class=\"elementor-element elementor-element-70288dd e-con-full e-flex e-con e-child\" data-id=\"70288dd\" data-element_type=\"container\" data-e-type=\"container\">\n\t\t\t\t<div class=\"elementor-element elementor-element-cf921dc elementor-widget elementor-widget-heading\" data-id=\"cf921dc\" data-element_type=\"widget\" data-e-type=\"widget\" data-widget_type=\"heading.default\">\n\t\t\t\t<div class=\"elementor-widget-container\">\n\t\t\t\t\t<h3 class=\"elementor-heading-title elementor-size-default\">Valutazione gratuita e chiamata introduttiva con i migliori specialisti in trapianto di capelli. Adesso.<\/h3>\t\t\t\t<\/div>\n\t\t\t\t<\/div>\n\t\t\t\t<div class=\"elementor-element elementor-element-29217d2 elementor-widget elementor-widget-text-editor\" data-id=\"29217d2\" data-element_type=\"widget\" data-e-type=\"widget\" data-widget_type=\"text-editor.default\">\n\t\t\t\t<div class=\"elementor-widget-container\">\n\t\t\t\t\t\t\t\t\t<p>Vuoi sapere cosa possiamo fare per te? Scansiona il codice QR e inviaci le tue foto. Poi, fissa un appuntamento per parlare con i nostri medici o chiedi che ti richiamino non appena saranno liberi.<\/p>\t\t\t\t\t\t\t\t<\/div>\n\t\t\t\t<\/div>\n\t\t\t\t<div class=\"elementor-element elementor-element-c418884 elementor-widget elementor-widget-heading\" data-id=\"c418884\" data-element_type=\"widget\" data-e-type=\"widget\" data-widget_type=\"heading.default\">\n\t\t\t\t<div class=\"elementor-widget-container\">\n\t\t\t\t\t<div class=\"elementor-heading-title elementor-size-default\"><a href=\"\/it\/istantaneo\/\">COMINCIARE<\/a><\/div>\t\t\t\t<\/div>\n\t\t\t\t<\/div>\n\t\t\t\t<\/div>\n\t\t\t\t<\/div>\n\t\t\t\t\t<\/div>\n\t\t\t\t<\/div>\n\t\t\t\t\t<\/div>\n\t\t\t\t<\/div>\n\t\t\t\t<\/div>","protected":false},"excerpt":{"rendered":"<p>When medical expertise matters. Vinay Rawlani, MD As a physician-inventor-entrepreneur, Dr. Rawlani was Northwestern Medical School\u2019s Louis E Fazen Endowed Scholar. He is a huge proponent of natural and discrete hair replacement techniques and helps facilitate seamless patient experiences. Schedule a consult Clark Schierle, MD PhD Having started his MD\/PhD at Harvard at age 16, [&hellip;]<\/p>\n","protected":false},"author":3,"featured_media":0,"parent":0,"menu_order":0,"comment_status":"closed","ping_status":"closed","template":"","meta":{"_acf_changed":false,"footnotes":""},"class_list":["post-9471","page","type-page","status-publish","hentry","has-read-time","read-time-1"],"acf":[],"_links":{"self":[{"href":"https:\/\/northwesternhair.com\/it\/wp-json\/wp\/v2\/pages\/9471","targetHints":{"allow":["GET"]}}],"collection":[{"href":"https:\/\/northwesternhair.com\/it\/wp-json\/wp\/v2\/pages"}],"about":[{"href":"https:\/\/northwesternhair.com\/it\/wp-json\/wp\/v2\/types\/page"}],"author":[{"embeddable":true,"href":"https:\/\/northwesternhair.com\/it\/wp-json\/wp\/v2\/users\/3"}],"replies":[{"embeddable":true,"href":"https:\/\/northwesternhair.com\/it\/wp-json\/wp\/v2\/comments?post=9471"}],"version-history":[{"count":5,"href":"https:\/\/northwesternhair.com\/it\/wp-json\/wp\/v2\/pages\/9471\/revisions"}],"predecessor-version":[{"id":11827,"href":"https:\/\/northwesternhair.com\/it\/wp-json\/wp\/v2\/pages\/9471\/revisions\/11827"}],"wp:attachment":[{"href":"https:\/\/northwesternhair.com\/it\/wp-json\/wp\/v2\/media?parent=9471"}],"curies":[{"name":"WP","href":"https:\/\/api.w.org\/{rel}","templated":true}]}}